{"id":6801,"date":"2024-10-11T14:46:40","date_gmt":"2024-10-11T18:46:40","guid":{"rendered":"https:\/\/monsieurjean.ca\/?page_id=6801"},"modified":"2026-03-17T15:32:34","modified_gmt":"2026-03-17T19:32:34","slug":"massage","status":"publish","type":"page","link":"https:\/\/monsieurjean.ca\/en\/massage\/","title":{"rendered":"Massage"},"content":{"rendered":"","protected":false},"excerpt":{"rendered":"","protected":false},"author":2,"featured_media":7464,"parent":0,"menu_order":0,"comment_status":"closed","ping_status":"closed","template":"","meta":{"_acf_changed":false,"footnotes":""},"class_list":["post-6801","page","type-page","status-publish","has-post-thumbnail","hentry"],"acf":[],"yoast_head":"<!-- This site is optimized with the Yoast SEO plugin v27.3 - https:\/\/yoast.com\/product\/yoast-seo-wordpress\/ -->\n<title>Massage - Monsieur Jean \u2022 H\u00f4tel particulier<\/title>\n<meta name=\"description\" content=\"Take advantage of your stay to relax with our range of massage therapy services, available for 60 or 90 minutes.\" \/>\n<meta name=\"robots\" content=\"index, follow, max-snippet:-1, max-image-preview:large, max-video-preview:-1\" \/>\n<link rel=\"canonical\" href=\"https:\/\/monsieurjean.ca\/en\/massage\/\" \/>\n<meta property=\"og:locale\" content=\"en_US\" \/>\n<meta property=\"og:type\" content=\"article\" \/>\n<meta property=\"og:title\" content=\"Massage - Monsieur Jean \u2022 H\u00f4tel particulier\" \/>\n<meta property=\"og:description\" content=\"Take advantage of your stay to relax with our range of massage therapy services, available for 60 or 90 minutes.\" \/>\n<meta property=\"og:url\" content=\"https:\/\/monsieurjean.ca\/en\/massage\/\" \/>\n<meta property=\"og:site_name\" content=\"Monsieur Jean \u2022 H\u00f4tel particulier\" \/>\n<meta property=\"article:publisher\" content=\"https:\/\/www.facebook.com\/monsieurjeanlhoteparticulier\/\" \/>\n<meta property=\"article:modified_time\" content=\"2026-03-17T19:32:34+00:00\" \/>\n<meta property=\"og:image\" content=\"https:\/\/monsieurjean.ca\/wp-content\/uploads\/2025\/03\/PageMassage.jpg\" \/>\n\t<meta property=\"og:image:width\" content=\"1920\" \/>\n\t<meta property=\"og:image:height\" content=\"1080\" \/>\n\t<meta property=\"og:image:type\" content=\"image\/jpeg\" \/>\n<meta name=\"twitter:card\" content=\"summary_large_image\" \/>\n<meta name=\"twitter:label1\" content=\"Est. reading time\" \/>\n\t<meta name=\"twitter:data1\" content=\"3 minutes\" \/>\n<!-- \/ Yoast SEO plugin. -->","yoast_head_json":{"title":"Massage - Monsieur Jean \u2022 H\u00f4tel particulier","description":"Take advantage of your stay to relax with our range of massage therapy services, available for 60 or 90 minutes.","robots":{"index":"index","follow":"follow","max-snippet":"max-snippet:-1","max-image-preview":"max-image-preview:large","max-video-preview":"max-video-preview:-1"},"canonical":"https:\/\/monsieurjean.ca\/en\/massage\/","og_locale":"en_US","og_type":"article","og_title":"Massage - Monsieur Jean \u2022 H\u00f4tel particulier","og_description":"Take advantage of your stay to relax with our range of massage therapy services, available for 60 or 90 minutes.","og_url":"https:\/\/monsieurjean.ca\/en\/massage\/","og_site_name":"Monsieur Jean \u2022 H\u00f4tel particulier","article_publisher":"https:\/\/www.facebook.com\/monsieurjeanlhoteparticulier\/","article_modified_time":"2026-03-17T19:32:34+00:00","og_image":[{"width":1920,"height":1080,"url":"https:\/\/monsieurjean.ca\/wp-content\/uploads\/2025\/03\/PageMassage.jpg","type":"image\/jpeg"}],"twitter_card":"summary_large_image","twitter_misc":{"Est. reading time":"3 minutes"},"schema":{"@context":"https:\/\/schema.org","@graph":[{"@type":"WebPage","@id":"https:\/\/monsieurjean.ca\/en\/massage\/","url":"https:\/\/monsieurjean.ca\/en\/massage\/","name":"Massage - Monsieur Jean \u2022 H\u00f4tel particulier","isPartOf":{"@id":"https:\/\/monsieurjean.ca\/en\/#website"},"primaryImageOfPage":{"@id":"https:\/\/monsieurjean.ca\/en\/massage\/#primaryimage"},"image":{"@id":"https:\/\/monsieurjean.ca\/en\/massage\/#primaryimage"},"thumbnailUrl":"https:\/\/monsieurjean.ca\/wp-content\/uploads\/2025\/03\/PageMassage.jpg","datePublished":"2024-10-11T18:46:40+00:00","dateModified":"2026-03-17T19:32:34+00:00","description":"Take advantage of your stay to relax with our range of massage therapy services, available for 60 or 90 minutes.","breadcrumb":{"@id":"https:\/\/monsieurjean.ca\/en\/massage\/#breadcrumb"},"inLanguage":"en-US","potentialAction":[{"@type":"ReadAction","target":["https:\/\/monsieurjean.ca\/en\/massage\/"]}]},{"@type":"ImageObject","inLanguage":"en-US","@id":"https:\/\/monsieurjean.ca\/en\/massage\/#primaryimage","url":"https:\/\/monsieurjean.ca\/wp-content\/uploads\/2025\/03\/PageMassage.jpg","contentUrl":"https:\/\/monsieurjean.ca\/wp-content\/uploads\/2025\/03\/PageMassage.jpg","width":1920,"height":1080},{"@type":"BreadcrumbList","@id":"https:\/\/monsieurjean.ca\/en\/massage\/#breadcrumb","itemListElement":[{"@type":"ListItem","position":1,"name":"Home","item":"https:\/\/monsieurjean.ca\/en\/"},{"@type":"ListItem","position":2,"name":"Massage"}]},{"@type":"WebSite","@id":"https:\/\/monsieurjean.ca\/en\/#website","url":"https:\/\/monsieurjean.ca\/en\/","name":"Monsieur Jean H\u00f4tel particulier","description":"Un h\u00f4tel particulier au c\u0153ur du Vieux-Qu\u00e9bec. Vivez une exp\u00e9rience unique dans nos suites de qualit\u00e9 sup\u00e9rieure toutes \u00e9quip\u00e9es de mini-cuisine.","publisher":{"@id":"https:\/\/monsieurjean.ca\/en\/#organization"},"alternateName":"Chambres et suites de luxe","potentialAction":[{"@type":"SearchAction","target":{"@type":"EntryPoint","urlTemplate":"https:\/\/monsieurjean.ca\/en\/?s={search_term_string}"},"query-input":{"@type":"PropertyValueSpecification","valueRequired":true,"valueName":"search_term_string"}}],"inLanguage":"en-US"},{"@type":"Organization","@id":"https:\/\/monsieurjean.ca\/en\/#organization","name":"Monsieur Jean H\u00f4tel particulier","alternateName":"Chambres et suites de luxe","url":"https:\/\/monsieurjean.ca\/en\/","logo":{"@type":"ImageObject","inLanguage":"en-US","@id":"https:\/\/monsieurjean.ca\/en\/#\/schema\/logo\/image\/","url":"https:\/\/monsieurjean.ca\/wp-content\/uploads\/2025\/04\/MonsieurJean_Logo2H_Bleu.png","contentUrl":"https:\/\/monsieurjean.ca\/wp-content\/uploads\/2025\/04\/MonsieurJean_Logo2H_Bleu.png","width":346,"height":201,"caption":"Monsieur Jean H\u00f4tel particulier"},"image":{"@id":"https:\/\/monsieurjean.ca\/en\/#\/schema\/logo\/image\/"},"sameAs":["https:\/\/www.facebook.com\/monsieurjeanlhoteparticulier\/","https:\/\/www.instagram.com\/monsieurjeanhotelparticulier\/"]}]}},"_links":{"self":[{"href":"https:\/\/monsieurjean.ca\/en\/wp-json\/wp\/v2\/pages\/6801","targetHints":{"allow":["GET"]}}],"collection":[{"href":"https:\/\/monsieurjean.ca\/en\/wp-json\/wp\/v2\/pages"}],"about":[{"href":"https:\/\/monsieurjean.ca\/en\/wp-json\/wp\/v2\/types\/page"}],"author":[{"embeddable":true,"href":"https:\/\/monsieurjean.ca\/en\/wp-json\/wp\/v2\/users\/2"}],"replies":[{"embeddable":true,"href":"https:\/\/monsieurjean.ca\/en\/wp-json\/wp\/v2\/comments?post=6801"}],"version-history":[{"count":12,"href":"https:\/\/monsieurjean.ca\/en\/wp-json\/wp\/v2\/pages\/6801\/revisions"}],"predecessor-version":[{"id":8744,"href":"https:\/\/monsieurjean.ca\/en\/wp-json\/wp\/v2\/pages\/6801\/revisions\/8744"}],"wp:featuredmedia":[{"embeddable":true,"href":"https:\/\/monsieurjean.ca\/en\/wp-json\/wp\/v2\/media\/7464"}],"wp:attachment":[{"href":"https:\/\/monsieurjean.ca\/en\/wp-json\/wp\/v2\/media?parent=6801"}],"curies":[{"name":"wp","href":"https:\/\/api.w.org\/{rel}","templated":true}]}}