{"id":557,"date":"2019-03-07T14:58:50","date_gmt":"2019-03-07T14:58:50","guid":{"rendered":"https:\/\/monsieurjean.ca\/?page_id=557"},"modified":"2021-01-21T15:29:31","modified_gmt":"2021-01-21T20:29:31","slug":"suite-1-lit","status":"publish","type":"page","link":"https:\/\/monsieurjean.ca\/en\/hotelroom\/suite-1-lit\/","title":{"rendered":"Suite \/ 1 bed"},"content":{"rendered":"","protected":false},"excerpt":{"rendered":"","protected":false},"author":1,"featured_media":0,"parent":551,"menu_order":114,"comment_status":"closed","ping_status":"closed","template":"template-suites.php","meta":{"_acf_changed":false,"footnotes":""},"class_list":["post-557","page","type-page","status-publish","hentry"],"acf":[],"yoast_head":"<!-- This site is optimized with the Yoast SEO plugin v27.3 - https:\/\/yoast.com\/product\/yoast-seo-wordpress\/ -->\n<title>Our one-bedroom suites | Monsieur Jean - A very special host<\/title>\n<meta name=\"description\" content=\"Learn about our one-bedroom suites furnished with a king-size bed, a kitchenette and a luxurious bathroom with heated floors in a breathtaking design.\" \/>\n<meta name=\"robots\" content=\"index, follow, max-snippet:-1, max-image-preview:large, max-video-preview:-1\" \/>\n<link rel=\"canonical\" href=\"https:\/\/monsieurjean.ca\/en\/hotelroom\/suite-1-lit\/\" \/>\n<meta property=\"og:locale\" content=\"en_US\" \/>\n<meta property=\"og:type\" content=\"article\" \/>\n<meta property=\"og:title\" content=\"Our one-bedroom suites | Monsieur Jean - A very special host\" \/>\n<meta property=\"og:description\" content=\"Learn about our one-bedroom suites furnished with a king-size bed, a kitchenette and a luxurious bathroom with heated floors in a breathtaking design.\" \/>\n<meta property=\"og:url\" content=\"https:\/\/monsieurjean.ca\/en\/hotelroom\/suite-1-lit\/\" \/>\n<meta property=\"og:site_name\" content=\"Monsieur Jean \u2022 H\u00f4tel particulier\" \/>\n<meta property=\"article:publisher\" content=\"https:\/\/www.facebook.com\/monsieurjeanlhoteparticulier\/\" \/>\n<meta property=\"article:modified_time\" content=\"2021-01-21T20:29:31+00:00\" \/>\n<meta property=\"og:image\" content=\"https:\/\/monsieurjean.ca\/wp-content\/uploads\/2019\/03\/facebook.png\" \/>\n\t<meta property=\"og:image:width\" content=\"1200\" \/>\n\t<meta property=\"og:image:height\" content=\"600\" \/>\n\t<meta property=\"og:image:type\" content=\"image\/png\" \/>\n<meta name=\"twitter:card\" content=\"summary_large_image\" \/>\n<!-- \/ Yoast SEO plugin. -->","yoast_head_json":{"title":"Our one-bedroom suites | Monsieur Jean - A very special host","description":"Learn about our one-bedroom suites furnished with a king-size bed, a kitchenette and a luxurious bathroom with heated floors in a breathtaking design.","robots":{"index":"index","follow":"follow","max-snippet":"max-snippet:-1","max-image-preview":"max-image-preview:large","max-video-preview":"max-video-preview:-1"},"canonical":"https:\/\/monsieurjean.ca\/en\/hotelroom\/suite-1-lit\/","og_locale":"en_US","og_type":"article","og_title":"Our one-bedroom suites | Monsieur Jean - A very special host","og_description":"Learn about our one-bedroom suites furnished with a king-size bed, a kitchenette and a luxurious bathroom with heated floors in a breathtaking design.","og_url":"https:\/\/monsieurjean.ca\/en\/hotelroom\/suite-1-lit\/","og_site_name":"Monsieur Jean \u2022 H\u00f4tel particulier","article_publisher":"https:\/\/www.facebook.com\/monsieurjeanlhoteparticulier\/","article_modified_time":"2021-01-21T20:29:31+00:00","og_image":[{"width":1200,"height":600,"url":"https:\/\/monsieurjean.ca\/wp-content\/uploads\/2019\/03\/facebook.png","type":"image\/png"}],"twitter_card":"summary_large_image","schema":{"@context":"https:\/\/schema.org","@graph":[{"@type":"WebPage","@id":"https:\/\/monsieurjean.ca\/en\/hotelroom\/suite-1-lit\/","url":"https:\/\/monsieurjean.ca\/en\/hotelroom\/suite-1-lit\/","name":"Our one-bedroom suites | Monsieur Jean - A very special host","isPartOf":{"@id":"https:\/\/monsieurjean.ca\/en\/#website"},"datePublished":"2019-03-07T14:58:50+00:00","dateModified":"2021-01-21T20:29:31+00:00","description":"Learn about our one-bedroom suites furnished with a king-size bed, a kitchenette and a luxurious bathroom with heated floors in a breathtaking design.","breadcrumb":{"@id":"https:\/\/monsieurjean.ca\/en\/hotelroom\/suite-1-lit\/#breadcrumb"},"inLanguage":"en-US","potentialAction":[{"@type":"ReadAction","target":["https:\/\/monsieurjean.ca\/en\/hotelroom\/suite-1-lit\/"]}]},{"@type":"BreadcrumbList","@id":"https:\/\/monsieurjean.ca\/en\/hotelroom\/suite-1-lit\/#breadcrumb","itemListElement":[{"@type":"ListItem","position":1,"name":"Home","item":"https:\/\/monsieurjean.ca\/en\/"},{"@type":"ListItem","position":2,"name":"Suites","item":"https:\/\/monsieurjean.ca\/en\/hotelroom\/"},{"@type":"ListItem","position":3,"name":"Suite \/ 1 bed"}]},{"@type":"WebSite","@id":"https:\/\/monsieurjean.ca\/en\/#website","url":"https:\/\/monsieurjean.ca\/en\/","name":"Monsieur Jean H\u00f4tel particulier","description":"Un h\u00f4tel particulier au c\u0153ur du Vieux-Qu\u00e9bec. Vivez une exp\u00e9rience unique dans nos suites de qualit\u00e9 sup\u00e9rieure toutes \u00e9quip\u00e9es de mini-cuisine.","publisher":{"@id":"https:\/\/monsieurjean.ca\/en\/#organization"},"alternateName":"Chambres et suites de luxe","potentialAction":[{"@type":"SearchAction","target":{"@type":"EntryPoint","urlTemplate":"https:\/\/monsieurjean.ca\/en\/?s={search_term_string}"},"query-input":{"@type":"PropertyValueSpecification","valueRequired":true,"valueName":"search_term_string"}}],"inLanguage":"en-US"},{"@type":"Organization","@id":"https:\/\/monsieurjean.ca\/en\/#organization","name":"Monsieur Jean H\u00f4tel particulier","alternateName":"Chambres et suites de luxe","url":"https:\/\/monsieurjean.ca\/en\/","logo":{"@type":"ImageObject","inLanguage":"en-US","@id":"https:\/\/monsieurjean.ca\/en\/#\/schema\/logo\/image\/","url":"https:\/\/monsieurjean.ca\/wp-content\/uploads\/2025\/04\/MonsieurJean_Logo2H_Bleu.png","contentUrl":"https:\/\/monsieurjean.ca\/wp-content\/uploads\/2025\/04\/MonsieurJean_Logo2H_Bleu.png","width":346,"height":201,"caption":"Monsieur Jean H\u00f4tel particulier"},"image":{"@id":"https:\/\/monsieurjean.ca\/en\/#\/schema\/logo\/image\/"},"sameAs":["https:\/\/www.facebook.com\/monsieurjeanlhoteparticulier\/","https:\/\/www.instagram.com\/monsieurjeanhotelparticulier\/"]}]}},"_links":{"self":[{"href":"https:\/\/monsieurjean.ca\/en\/wp-json\/wp\/v2\/pages\/557","targetHints":{"allow":["GET"]}}],"collection":[{"href":"https:\/\/monsieurjean.ca\/en\/wp-json\/wp\/v2\/pages"}],"about":[{"href":"https:\/\/monsieurjean.ca\/en\/wp-json\/wp\/v2\/types\/page"}],"author":[{"embeddable":true,"href":"https:\/\/monsieurjean.ca\/en\/wp-json\/wp\/v2\/users\/1"}],"replies":[{"embeddable":true,"href":"https:\/\/monsieurjean.ca\/en\/wp-json\/wp\/v2\/comments?post=557"}],"version-history":[{"count":7,"href":"https:\/\/monsieurjean.ca\/en\/wp-json\/wp\/v2\/pages\/557\/revisions"}],"predecessor-version":[{"id":2686,"href":"https:\/\/monsieurjean.ca\/en\/wp-json\/wp\/v2\/pages\/557\/revisions\/2686"}],"up":[{"embeddable":true,"href":"https:\/\/monsieurjean.ca\/en\/wp-json\/wp\/v2\/pages\/551"}],"wp:attachment":[{"href":"https:\/\/monsieurjean.ca\/en\/wp-json\/wp\/v2\/media?parent=557"}],"curies":[{"name":"wp","href":"https:\/\/api.w.org\/{rel}","templated":true}]}}