{"id":545,"date":"2019-03-07T14:55:30","date_gmt":"2019-03-07T14:55:30","guid":{"rendered":"https:\/\/monsieurjean.ca\/?page_id=545"},"modified":"2026-03-02T16:19:47","modified_gmt":"2026-03-02T21:19:47","slug":"politiques","status":"publish","type":"page","link":"https:\/\/monsieurjean.ca\/en\/politiques\/","title":{"rendered":"Policy"},"content":{"rendered":"","protected":false},"excerpt":{"rendered":"","protected":false},"author":1,"featured_media":0,"parent":0,"menu_order":138,"comment_status":"closed","ping_status":"closed","template":"","meta":{"_acf_changed":false,"footnotes":""},"class_list":["post-545","page","type-page","status-publish","hentry"],"acf":[],"yoast_head":"<!-- This site is optimized with the Yoast SEO plugin v27.3 - https:\/\/yoast.com\/product\/yoast-seo-wordpress\/ -->\n<title>Policy | Monsieur Jean - A very special host<\/title>\n<meta name=\"robots\" content=\"index, follow, max-snippet:-1, max-image-preview:large, max-video-preview:-1\" \/>\n<link rel=\"canonical\" href=\"https:\/\/monsieurjean.ca\/en\/politiques\/\" \/>\n<meta property=\"og:locale\" content=\"en_US\" \/>\n<meta property=\"og:type\" content=\"article\" \/>\n<meta property=\"og:title\" content=\"Policy | Monsieur Jean - A very special host\" \/>\n<meta property=\"og:url\" content=\"https:\/\/monsieurjean.ca\/en\/politiques\/\" \/>\n<meta property=\"og:site_name\" content=\"Monsieur Jean \u2022 H\u00f4tel particulier\" \/>\n<meta property=\"article:publisher\" content=\"https:\/\/www.facebook.com\/monsieurjeanlhoteparticulier\/\" \/>\n<meta property=\"article:modified_time\" content=\"2026-03-02T21:19:47+00:00\" \/>\n<meta property=\"og:image\" content=\"https:\/\/monsieurjean.ca\/wp-content\/uploads\/2019\/03\/facebook.png\" \/>\n\t<meta property=\"og:image:width\" content=\"1200\" \/>\n\t<meta property=\"og:image:height\" content=\"600\" \/>\n\t<meta property=\"og:image:type\" content=\"image\/png\" \/>\n<meta name=\"twitter:card\" content=\"summary_large_image\" \/>\n<meta name=\"twitter:label1\" content=\"Est. reading time\" \/>\n\t<meta name=\"twitter:data1\" content=\"1 minute\" \/>\n<!-- \/ Yoast SEO plugin. -->","yoast_head_json":{"title":"Policy | Monsieur Jean - A very special host","robots":{"index":"index","follow":"follow","max-snippet":"max-snippet:-1","max-image-preview":"max-image-preview:large","max-video-preview":"max-video-preview:-1"},"canonical":"https:\/\/monsieurjean.ca\/en\/politiques\/","og_locale":"en_US","og_type":"article","og_title":"Policy | Monsieur Jean - A very special host","og_url":"https:\/\/monsieurjean.ca\/en\/politiques\/","og_site_name":"Monsieur Jean \u2022 H\u00f4tel particulier","article_publisher":"https:\/\/www.facebook.com\/monsieurjeanlhoteparticulier\/","article_modified_time":"2026-03-02T21:19:47+00:00","og_image":[{"width":1200,"height":600,"url":"https:\/\/monsieurjean.ca\/wp-content\/uploads\/2019\/03\/facebook.png","type":"image\/png"}],"twitter_card":"summary_large_image","twitter_misc":{"Est. reading time":"1 minute"},"schema":{"@context":"https:\/\/schema.org","@graph":[{"@type":"WebPage","@id":"https:\/\/monsieurjean.ca\/en\/politiques\/","url":"https:\/\/monsieurjean.ca\/en\/politiques\/","name":"Policy | Monsieur Jean - A very special host","isPartOf":{"@id":"https:\/\/monsieurjean.ca\/en\/#website"},"datePublished":"2019-03-07T14:55:30+00:00","dateModified":"2026-03-02T21:19:47+00:00","breadcrumb":{"@id":"https:\/\/monsieurjean.ca\/en\/politiques\/#breadcrumb"},"inLanguage":"en-US","potentialAction":[{"@type":"ReadAction","target":["https:\/\/monsieurjean.ca\/en\/politiques\/"]}]},{"@type":"BreadcrumbList","@id":"https:\/\/monsieurjean.ca\/en\/politiques\/#breadcrumb","itemListElement":[{"@type":"ListItem","position":1,"name":"Home","item":"https:\/\/monsieurjean.ca\/en\/"},{"@type":"ListItem","position":2,"name":"Policy"}]},{"@type":"WebSite","@id":"https:\/\/monsieurjean.ca\/en\/#website","url":"https:\/\/monsieurjean.ca\/en\/","name":"Monsieur Jean H\u00f4tel particulier","description":"Un h\u00f4tel particulier au c\u0153ur du Vieux-Qu\u00e9bec. Vivez une exp\u00e9rience unique dans nos suites de qualit\u00e9 sup\u00e9rieure toutes \u00e9quip\u00e9es de mini-cuisine.","publisher":{"@id":"https:\/\/monsieurjean.ca\/en\/#organization"},"alternateName":"Chambres et suites de luxe","potentialAction":[{"@type":"SearchAction","target":{"@type":"EntryPoint","urlTemplate":"https:\/\/monsieurjean.ca\/en\/?s={search_term_string}"},"query-input":{"@type":"PropertyValueSpecification","valueRequired":true,"valueName":"search_term_string"}}],"inLanguage":"en-US"},{"@type":"Organization","@id":"https:\/\/monsieurjean.ca\/en\/#organization","name":"Monsieur Jean H\u00f4tel particulier","alternateName":"Chambres et suites de luxe","url":"https:\/\/monsieurjean.ca\/en\/","logo":{"@type":"ImageObject","inLanguage":"en-US","@id":"https:\/\/monsieurjean.ca\/en\/#\/schema\/logo\/image\/","url":"https:\/\/monsieurjean.ca\/wp-content\/uploads\/2025\/04\/MonsieurJean_Logo2H_Bleu.png","contentUrl":"https:\/\/monsieurjean.ca\/wp-content\/uploads\/2025\/04\/MonsieurJean_Logo2H_Bleu.png","width":346,"height":201,"caption":"Monsieur Jean H\u00f4tel particulier"},"image":{"@id":"https:\/\/monsieurjean.ca\/en\/#\/schema\/logo\/image\/"},"sameAs":["https:\/\/www.facebook.com\/monsieurjeanlhoteparticulier\/","https:\/\/www.instagram.com\/monsieurjeanhotelparticulier\/"]}]}},"_links":{"self":[{"href":"https:\/\/monsieurjean.ca\/en\/wp-json\/wp\/v2\/pages\/545","targetHints":{"allow":["GET"]}}],"collection":[{"href":"https:\/\/monsieurjean.ca\/en\/wp-json\/wp\/v2\/pages"}],"about":[{"href":"https:\/\/monsieurjean.ca\/en\/wp-json\/wp\/v2\/types\/page"}],"author":[{"embeddable":true,"href":"https:\/\/monsieurjean.ca\/en\/wp-json\/wp\/v2\/users\/1"}],"replies":[{"embeddable":true,"href":"https:\/\/monsieurjean.ca\/en\/wp-json\/wp\/v2\/comments?post=545"}],"version-history":[{"count":22,"href":"https:\/\/monsieurjean.ca\/en\/wp-json\/wp\/v2\/pages\/545\/revisions"}],"predecessor-version":[{"id":8569,"href":"https:\/\/monsieurjean.ca\/en\/wp-json\/wp\/v2\/pages\/545\/revisions\/8569"}],"wp:attachment":[{"href":"https:\/\/monsieurjean.ca\/en\/wp-json\/wp\/v2\/media?parent=545"}],"curies":[{"name":"wp","href":"https:\/\/api.w.org\/{rel}","templated":true}]}}