{"id":4798,"date":"2022-08-05T09:50:29","date_gmt":"2022-08-05T13:50:29","guid":{"rendered":"https:\/\/monsieurjean.ca\/?page_id=4798"},"modified":"2022-08-10T11:33:42","modified_gmt":"2022-08-10T15:33:42","slug":"stay-fit","status":"publish","type":"page","link":"https:\/\/monsieurjean.ca\/en\/stay-fit\/","title":{"rendered":"Stay fit"},"content":{"rendered":"","protected":false},"excerpt":{"rendered":"","protected":false},"author":2,"featured_media":4745,"parent":0,"menu_order":0,"comment_status":"closed","ping_status":"closed","template":"","meta":{"_acf_changed":false,"footnotes":""},"class_list":["post-4798","page","type-page","status-publish","has-post-thumbnail","hentry"],"acf":[],"yoast_head":"<!-- This site is optimized with the Yoast SEO plugin v27.3 - https:\/\/yoast.com\/product\/yoast-seo-wordpress\/ -->\n<title>Stay fit - Monsieur Jean \u2022 H\u00f4tel particulier<\/title>\n<meta name=\"description\" content=\"Stay in shape during your stay at the hotel. Our gym is open 24\/7. Bikes, treadmills, rowing machine and dumbbells are waiting for you!\" \/>\n<meta name=\"robots\" content=\"index, follow, max-snippet:-1, max-image-preview:large, max-video-preview:-1\" \/>\n<link rel=\"canonical\" href=\"https:\/\/monsieurjean.ca\/en\/stay-fit\/\" \/>\n<meta property=\"og:locale\" content=\"en_US\" \/>\n<meta property=\"og:type\" content=\"article\" \/>\n<meta property=\"og:title\" content=\"Stay fit - Monsieur Jean \u2022 H\u00f4tel particulier\" \/>\n<meta property=\"og:description\" content=\"Stay in shape during your stay at the hotel. Our gym is open 24\/7. Bikes, treadmills, rowing machine and dumbbells are waiting for you!\" \/>\n<meta property=\"og:url\" content=\"https:\/\/monsieurjean.ca\/en\/stay-fit\/\" \/>\n<meta property=\"og:site_name\" content=\"Monsieur Jean \u2022 H\u00f4tel particulier\" \/>\n<meta property=\"article:publisher\" content=\"https:\/\/www.facebook.com\/monsieurjeanlhoteparticulier\/\" \/>\n<meta property=\"article:modified_time\" content=\"2022-08-10T15:33:42+00:00\" \/>\n<meta property=\"og:image\" content=\"https:\/\/monsieurjean.ca\/wp-content\/uploads\/2022\/07\/GymWEB.jpg\" \/>\n\t<meta property=\"og:image:width\" content=\"875\" \/>\n\t<meta property=\"og:image:height\" content=\"383\" \/>\n\t<meta property=\"og:image:type\" content=\"image\/jpeg\" \/>\n<meta name=\"twitter:card\" content=\"summary_large_image\" \/>\n<!-- \/ Yoast SEO plugin. -->","yoast_head_json":{"title":"Stay fit - Monsieur Jean \u2022 H\u00f4tel particulier","description":"Stay in shape during your stay at the hotel. Our gym is open 24\/7. Bikes, treadmills, rowing machine and dumbbells are waiting for you!","robots":{"index":"index","follow":"follow","max-snippet":"max-snippet:-1","max-image-preview":"max-image-preview:large","max-video-preview":"max-video-preview:-1"},"canonical":"https:\/\/monsieurjean.ca\/en\/stay-fit\/","og_locale":"en_US","og_type":"article","og_title":"Stay fit - Monsieur Jean \u2022 H\u00f4tel particulier","og_description":"Stay in shape during your stay at the hotel. Our gym is open 24\/7. Bikes, treadmills, rowing machine and dumbbells are waiting for you!","og_url":"https:\/\/monsieurjean.ca\/en\/stay-fit\/","og_site_name":"Monsieur Jean \u2022 H\u00f4tel particulier","article_publisher":"https:\/\/www.facebook.com\/monsieurjeanlhoteparticulier\/","article_modified_time":"2022-08-10T15:33:42+00:00","og_image":[{"width":875,"height":383,"url":"https:\/\/monsieurjean.ca\/wp-content\/uploads\/2022\/07\/GymWEB.jpg","type":"image\/jpeg"}],"twitter_card":"summary_large_image","schema":{"@context":"https:\/\/schema.org","@graph":[{"@type":"WebPage","@id":"https:\/\/monsieurjean.ca\/en\/stay-fit\/","url":"https:\/\/monsieurjean.ca\/en\/stay-fit\/","name":"Stay fit - Monsieur Jean \u2022 H\u00f4tel particulier","isPartOf":{"@id":"https:\/\/monsieurjean.ca\/en\/#website"},"primaryImageOfPage":{"@id":"https:\/\/monsieurjean.ca\/en\/stay-fit\/#primaryimage"},"image":{"@id":"https:\/\/monsieurjean.ca\/en\/stay-fit\/#primaryimage"},"thumbnailUrl":"https:\/\/monsieurjean.ca\/wp-content\/uploads\/2022\/07\/GymWEB.jpg","datePublished":"2022-08-05T13:50:29+00:00","dateModified":"2022-08-10T15:33:42+00:00","description":"Stay in shape during your stay at the hotel. Our gym is open 24\/7. Bikes, treadmills, rowing machine and dumbbells are waiting for you!","breadcrumb":{"@id":"https:\/\/monsieurjean.ca\/en\/stay-fit\/#breadcrumb"},"inLanguage":"en-US","potentialAction":[{"@type":"ReadAction","target":["https:\/\/monsieurjean.ca\/en\/stay-fit\/"]}]},{"@type":"ImageObject","inLanguage":"en-US","@id":"https:\/\/monsieurjean.ca\/en\/stay-fit\/#primaryimage","url":"https:\/\/monsieurjean.ca\/wp-content\/uploads\/2022\/07\/GymWEB.jpg","contentUrl":"https:\/\/monsieurjean.ca\/wp-content\/uploads\/2022\/07\/GymWEB.jpg","width":875,"height":383,"caption":"Homme sur un v\u00e9lo | Gym | NordicTracker | V\u00e9lo | Tapis roulant"},{"@type":"BreadcrumbList","@id":"https:\/\/monsieurjean.ca\/en\/stay-fit\/#breadcrumb","itemListElement":[{"@type":"ListItem","position":1,"name":"Home","item":"https:\/\/monsieurjean.ca\/en\/"},{"@type":"ListItem","position":2,"name":"Stay fit"}]},{"@type":"WebSite","@id":"https:\/\/monsieurjean.ca\/en\/#website","url":"https:\/\/monsieurjean.ca\/en\/","name":"Monsieur Jean H\u00f4tel particulier","description":"Un h\u00f4tel particulier au c\u0153ur du Vieux-Qu\u00e9bec. Vivez une exp\u00e9rience unique dans nos suites de qualit\u00e9 sup\u00e9rieure toutes \u00e9quip\u00e9es de mini-cuisine.","publisher":{"@id":"https:\/\/monsieurjean.ca\/en\/#organization"},"alternateName":"Chambres et suites de luxe","potentialAction":[{"@type":"SearchAction","target":{"@type":"EntryPoint","urlTemplate":"https:\/\/monsieurjean.ca\/en\/?s={search_term_string}"},"query-input":{"@type":"PropertyValueSpecification","valueRequired":true,"valueName":"search_term_string"}}],"inLanguage":"en-US"},{"@type":"Organization","@id":"https:\/\/monsieurjean.ca\/en\/#organization","name":"Monsieur Jean H\u00f4tel particulier","alternateName":"Chambres et suites de luxe","url":"https:\/\/monsieurjean.ca\/en\/","logo":{"@type":"ImageObject","inLanguage":"en-US","@id":"https:\/\/monsieurjean.ca\/en\/#\/schema\/logo\/image\/","url":"https:\/\/monsieurjean.ca\/wp-content\/uploads\/2025\/04\/MonsieurJean_Logo2H_Bleu.png","contentUrl":"https:\/\/monsieurjean.ca\/wp-content\/uploads\/2025\/04\/MonsieurJean_Logo2H_Bleu.png","width":346,"height":201,"caption":"Monsieur Jean H\u00f4tel particulier"},"image":{"@id":"https:\/\/monsieurjean.ca\/en\/#\/schema\/logo\/image\/"},"sameAs":["https:\/\/www.facebook.com\/monsieurjeanlhoteparticulier\/","https:\/\/www.instagram.com\/monsieurjeanhotelparticulier\/"]}]}},"_links":{"self":[{"href":"https:\/\/monsieurjean.ca\/en\/wp-json\/wp\/v2\/pages\/4798","targetHints":{"allow":["GET"]}}],"collection":[{"href":"https:\/\/monsieurjean.ca\/en\/wp-json\/wp\/v2\/pages"}],"about":[{"href":"https:\/\/monsieurjean.ca\/en\/wp-json\/wp\/v2\/types\/page"}],"author":[{"embeddable":true,"href":"https:\/\/monsieurjean.ca\/en\/wp-json\/wp\/v2\/users\/2"}],"replies":[{"embeddable":true,"href":"https:\/\/monsieurjean.ca\/en\/wp-json\/wp\/v2\/comments?post=4798"}],"version-history":[{"count":2,"href":"https:\/\/monsieurjean.ca\/en\/wp-json\/wp\/v2\/pages\/4798\/revisions"}],"predecessor-version":[{"id":4800,"href":"https:\/\/monsieurjean.ca\/en\/wp-json\/wp\/v2\/pages\/4798\/revisions\/4800"}],"wp:featuredmedia":[{"embeddable":true,"href":"https:\/\/monsieurjean.ca\/en\/wp-json\/wp\/v2\/media\/4745"}],"wp:attachment":[{"href":"https:\/\/monsieurjean.ca\/en\/wp-json\/wp\/v2\/media?parent=4798"}],"curies":[{"name":"wp","href":"https:\/\/api.w.org\/{rel}","templated":true}]}}