{"id":104,"date":"2026-03-02T20:03:42","date_gmt":"2026-03-03T01:03:42","guid":{"rendered":"https:\/\/monsieurjean.ca\/?page_id=104"},"modified":"2026-03-27T19:24:04","modified_gmt":"2026-03-27T23:24:04","slug":"home","status":"publish","type":"page","link":"https:\/\/monsieurjean.ca\/en\/","title":{"rendered":"Home"},"content":{"rendered":"\n<p>Du contenu<\/p>\n\n<div class=\"wp-block-cover is-layout-flow wp-block-cover-is-layout-flow\" style=\"background-image:url(https:\/\/monsieurjean.ca\/wp-content\/uploads\/2019\/02\/Capture-d&#x2019;e&#x301;cran-le-2019-02-07-a&#x300;-10.04.27.png)\"><\/div>\n","protected":false},"excerpt":{"rendered":"Du contenu","protected":false},"author":1,"featured_media":0,"parent":0,"menu_order":154,"comment_status":"closed","ping_status":"closed","template":"template-home.php","meta":{"_acf_changed":false,"footnotes":""},"class_list":["post-104","page","type-page","status-publish","hentry"],"acf":[],"yoast_head":"<!-- This site is optimized with the Yoast SEO plugin v27.3 - https:\/\/yoast.com\/product\/yoast-seo-wordpress\/ -->\n<title>luxurious hotel in Old Quebec - Monsieur Jean \u2022 H\u00f4tel particulier<\/title>\n<meta name=\"description\" content=\"Stay at Monsieur Jean, a luxurious hotel in the heart of Old Quebec. Elegance, comfort, and refined service for an unforgettable experience.\" \/>\n<meta name=\"robots\" content=\"index, follow, max-snippet:-1, max-image-preview:large, max-video-preview:-1\" \/>\n<link rel=\"canonical\" href=\"https:\/\/monsieurjean.ca\/en\/\" \/>\n<meta property=\"og:locale\" content=\"en_US\" \/>\n<meta property=\"og:type\" content=\"article\" \/>\n<meta property=\"og:title\" content=\"luxurious hotel in Old Quebec - Monsieur Jean \u2022 H\u00f4tel particulier\" \/>\n<meta property=\"og:description\" content=\"Un h\u00f4te tr\u00e8s particulier\" \/>\n<meta property=\"og:url\" content=\"https:\/\/monsieurjean.ca\/en\/\" \/>\n<meta property=\"og:site_name\" content=\"Monsieur Jean \u2022 H\u00f4tel particulier\" \/>\n<meta property=\"article:publisher\" content=\"https:\/\/www.facebook.com\/monsieurjeanlhoteparticulier\/\" \/>\n<meta property=\"article:modified_time\" content=\"2026-03-27T23:24:04+00:00\" \/>\n<meta property=\"og:image\" content=\"https:\/\/monsieurjean.ca\/wp-content\/uploads\/2019\/03\/facebook.png\" \/>\n\t<meta property=\"og:image:width\" content=\"1200\" \/>\n\t<meta property=\"og:image:height\" content=\"600\" \/>\n\t<meta property=\"og:image:type\" content=\"image\/png\" \/>\n<meta name=\"twitter:card\" content=\"summary_large_image\" \/>\n<meta name=\"twitter:label1\" content=\"Est. reading time\" \/>\n\t<meta name=\"twitter:data1\" content=\"5 minutes\" \/>\n<!-- \/ Yoast SEO plugin. -->","yoast_head_json":{"title":"luxurious hotel in Old Quebec - Monsieur Jean \u2022 H\u00f4tel particulier","description":"Stay at Monsieur Jean, a luxurious hotel in the heart of Old Quebec. Elegance, comfort, and refined service for an unforgettable experience.","robots":{"index":"index","follow":"follow","max-snippet":"max-snippet:-1","max-image-preview":"max-image-preview:large","max-video-preview":"max-video-preview:-1"},"canonical":"https:\/\/monsieurjean.ca\/en\/","og_locale":"en_US","og_type":"article","og_title":"luxurious hotel in Old Quebec - Monsieur Jean \u2022 H\u00f4tel particulier","og_description":"Un h\u00f4te tr\u00e8s particulier","og_url":"https:\/\/monsieurjean.ca\/en\/","og_site_name":"Monsieur Jean \u2022 H\u00f4tel particulier","article_publisher":"https:\/\/www.facebook.com\/monsieurjeanlhoteparticulier\/","article_modified_time":"2026-03-27T23:24:04+00:00","og_image":[{"width":1200,"height":600,"url":"https:\/\/monsieurjean.ca\/wp-content\/uploads\/2019\/03\/facebook.png","type":"image\/png"}],"twitter_card":"summary_large_image","twitter_misc":{"Est. reading time":"5 minutes"},"schema":{"@context":"https:\/\/schema.org","@graph":[{"@type":"WebPage","@id":"https:\/\/monsieurjean.ca\/en\/","url":"https:\/\/monsieurjean.ca\/en\/","name":"luxurious hotel in Old Quebec - Monsieur Jean \u2022 H\u00f4tel particulier","isPartOf":{"@id":"https:\/\/monsieurjean.ca\/en\/#website"},"datePublished":"2026-03-03T01:03:42+00:00","dateModified":"2026-03-27T23:24:04+00:00","description":"Stay at Monsieur Jean, a luxurious hotel in the heart of Old Quebec. Elegance, comfort, and refined service for an unforgettable experience.","breadcrumb":{"@id":"https:\/\/monsieurjean.ca\/en\/#breadcrumb"},"inLanguage":"en-US","potentialAction":[{"@type":"ReadAction","target":["https:\/\/monsieurjean.ca\/en\/"]}]},{"@type":"BreadcrumbList","@id":"https:\/\/monsieurjean.ca\/en\/#breadcrumb","itemListElement":[{"@type":"ListItem","position":1,"name":"Home","item":"https:\/\/monsieurjean.ca\/en\/"},{"@type":"ListItem","position":2,"name":"Home"}]},{"@type":"WebSite","@id":"https:\/\/monsieurjean.ca\/en\/#website","url":"https:\/\/monsieurjean.ca\/en\/","name":"Monsieur Jean H\u00f4tel particulier","description":"Un h\u00f4tel particulier au c\u0153ur du Vieux-Qu\u00e9bec. Vivez une exp\u00e9rience unique dans nos suites de qualit\u00e9 sup\u00e9rieure toutes \u00e9quip\u00e9es de mini-cuisine.","publisher":{"@id":"https:\/\/monsieurjean.ca\/en\/#organization"},"alternateName":"Chambres et suites de luxe","potentialAction":[{"@type":"SearchAction","target":{"@type":"EntryPoint","urlTemplate":"https:\/\/monsieurjean.ca\/en\/?s={search_term_string}"},"query-input":{"@type":"PropertyValueSpecification","valueRequired":true,"valueName":"search_term_string"}}],"inLanguage":"en-US"},{"@type":"Organization","@id":"https:\/\/monsieurjean.ca\/en\/#organization","name":"Monsieur Jean H\u00f4tel particulier","alternateName":"Chambres et suites de luxe","url":"https:\/\/monsieurjean.ca\/en\/","logo":{"@type":"ImageObject","inLanguage":"en-US","@id":"https:\/\/monsieurjean.ca\/en\/#\/schema\/logo\/image\/","url":"https:\/\/monsieurjean.ca\/wp-content\/uploads\/2025\/04\/MonsieurJean_Logo2H_Bleu.png","contentUrl":"https:\/\/monsieurjean.ca\/wp-content\/uploads\/2025\/04\/MonsieurJean_Logo2H_Bleu.png","width":346,"height":201,"caption":"Monsieur Jean H\u00f4tel particulier"},"image":{"@id":"https:\/\/monsieurjean.ca\/en\/#\/schema\/logo\/image\/"},"sameAs":["https:\/\/www.facebook.com\/monsieurjeanlhoteparticulier\/","https:\/\/www.instagram.com\/monsieurjeanhotelparticulier\/"]}]}},"_links":{"self":[{"href":"https:\/\/monsieurjean.ca\/en\/wp-json\/wp\/v2\/pages\/104","targetHints":{"allow":["GET"]}}],"collection":[{"href":"https:\/\/monsieurjean.ca\/en\/wp-json\/wp\/v2\/pages"}],"about":[{"href":"https:\/\/monsieurjean.ca\/en\/wp-json\/wp\/v2\/types\/page"}],"author":[{"embeddable":true,"href":"https:\/\/monsieurjean.ca\/en\/wp-json\/wp\/v2\/users\/1"}],"replies":[{"embeddable":true,"href":"https:\/\/monsieurjean.ca\/en\/wp-json\/wp\/v2\/comments?post=104"}],"version-history":[{"count":112,"href":"https:\/\/monsieurjean.ca\/en\/wp-json\/wp\/v2\/pages\/104\/revisions"}],"predecessor-version":[{"id":8786,"href":"https:\/\/monsieurjean.ca\/en\/wp-json\/wp\/v2\/pages\/104\/revisions\/8786"}],"wp:attachment":[{"href":"https:\/\/monsieurjean.ca\/en\/wp-json\/wp\/v2\/media?parent=104"}],"curies":[{"name":"wp","href":"https:\/\/api.w.org\/{rel}","templated":true}]}}